{"id":500,"date":"2025-12-09T19:22:15","date_gmt":"2025-12-09T22:22:15","guid":{"rendered":"https:\/\/diegocariello.com.br\/?page_id=500"},"modified":"2025-12-09T19:24:07","modified_gmt":"2025-12-09T22:24:07","slug":"politica-de-privacidade-2","status":"publish","type":"page","link":"https:\/\/diegocariello.com.br\/?page_id=500","title":{"rendered":"POL\u00cdTICA DE PRIVACIDADE\u200b"},"content":{"rendered":"\t\t<div data-elementor-type=\"wp-page\" data-elementor-id=\"500\" class=\"elementor elementor-500\">\n\t\t\t\t<div class=\"elementor-element elementor-element-8c6162e e-flex e-con-boxed e-con e-parent\" data-id=\"8c6162e\" data-element_type=\"container\">\n\t\t\t\t\t<div class=\"e-con-inner\">\n\t\t\t\t<div class=\"elementor-element elementor-element-f0bbbda elementor-widget elementor-widget-heading\" data-id=\"f0bbbda\" data-element_type=\"widget\" data-widget_type=\"heading.default\">\n\t\t\t\t<div class=\"elementor-widget-container\">\n\t\t\t\t\t<h2 class=\"elementor-heading-title elementor-size-default\">POL\u00cdTICA DE PRIVACIDADE<\/h2>\t\t\t\t<\/div>\n\t\t\t\t<\/div>\n\t\t\t\t<div class=\"elementor-element elementor-element-cae471a elementor-widget elementor-widget-text-editor\" data-id=\"cae471a\" data-element_type=\"widget\" data-widget_type=\"text-editor.default\">\n\t\t\t\t<div class=\"elementor-widget-container\">\n\t\t\t\t\t\t\t\t\t<p>Pol\u00edtica de Privacidade<\/p><p>Esta Pol\u00edtica de Privacidade descreve como coletamos, usamos e protegemos as informa\u00e7\u00f5es dos usu\u00e1rios do site https:\/\/diegocariello.com.br.<\/p><p>1. Coleta de informa\u00e7\u00f5es<br \/>Podemos coletar informa\u00e7\u00f5es pessoais como nome, e-mail e telefone quando o usu\u00e1rio preenche formul\u00e1rios em nosso site.<\/p><p>2. Uso das informa\u00e7\u00f5es<br \/>As informa\u00e7\u00f5es coletadas s\u00e3o utilizadas para fins de contato, atendimento, envio de informa\u00e7\u00f5es sobre nossos servi\u00e7os e melhorias na experi\u00eancia do usu\u00e1rio.<\/p><p>3. Compartilhamento de dados<br \/>N\u00e3o vendemos ou compartilhamos dados pessoais com terceiros, exceto quando necess\u00e1rio para cumprir obriga\u00e7\u00f5es legais.<\/p><p>4. Cookies<br \/>Utilizamos cookies para melhorar a navega\u00e7\u00e3o e analisar o tr\u00e1fego do site.<\/p><p>5. Seguran\u00e7a das informa\u00e7\u00f5es<br \/>Adotamos medidas de seguran\u00e7a para proteger os dados dos usu\u00e1rios.<\/p><p>6. Direitos do usu\u00e1rio<br \/>O usu\u00e1rio pode solicitar a altera\u00e7\u00e3o ou exclus\u00e3o de seus dados a qualquer momento atrav\u00e9s do nosso canal de contato.<\/p><p>7. Contato<br \/>Em caso de d\u00favidas, entre em contato pelo e-mail: diegocariello@gmail.com<\/p>\t\t\t\t\t\t\t\t<\/div>\n\t\t\t\t<\/div>\n\t\t\t\t\t<\/div>\n\t\t\t\t<\/div>\n\t\t\t\t<\/div>\n\t\t","protected":false},"excerpt":{"rendered":"<p>POL\u00cdTICA DE PRIVACIDADE Pol\u00edtica de Privacidade Esta Pol\u00edtica de Privacidade descreve como coletamos, usamos e protegemos as informa\u00e7\u00f5es dos usu\u00e1rios do site https:\/\/diegocariello.com.br. 1. Coleta de informa\u00e7\u00f5esPodemos coletar informa\u00e7\u00f5es pessoais como nome, e-mail e telefone quando o usu\u00e1rio preenche formul\u00e1rios em nosso site. 2. Uso das informa\u00e7\u00f5esAs informa\u00e7\u00f5es coletadas s\u00e3o utilizadas para fins de contato, [&hellip;]<\/p>\n","protected":false},"author":3,"featured_media":0,"parent":0,"menu_order":0,"comment_status":"closed","ping_status":"closed","template":"","meta":{"footnotes":""},"class_list":["post-500","page","type-page","status-publish","hentry"],"_links":{"self":[{"href":"https:\/\/diegocariello.com.br\/index.php?rest_route=\/wp\/v2\/pages\/500","targetHints":{"allow":["GET"]}}],"collection":[{"href":"https:\/\/diegocariello.com.br\/index.php?rest_route=\/wp\/v2\/pages"}],"about":[{"href":"https:\/\/diegocariello.com.br\/index.php?rest_route=\/wp\/v2\/types\/page"}],"author":[{"embeddable":true,"href":"https:\/\/diegocariello.com.br\/index.php?rest_route=\/wp\/v2\/users\/3"}],"replies":[{"embeddable":true,"href":"https:\/\/diegocariello.com.br\/index.php?rest_route=%2Fwp%2Fv2%2Fcomments&post=500"}],"version-history":[{"count":6,"href":"https:\/\/diegocariello.com.br\/index.php?rest_route=\/wp\/v2\/pages\/500\/revisions"}],"predecessor-version":[{"id":506,"href":"https:\/\/diegocariello.com.br\/index.php?rest_route=\/wp\/v2\/pages\/500\/revisions\/506"}],"wp:attachment":[{"href":"https:\/\/diegocariello.com.br\/index.php?rest_route=%2Fwp%2Fv2%2Fmedia&parent=500"}],"curies":[{"name":"wp","href":"https:\/\/api.w.org\/{rel}","templated":true}]}}