{"id":508,"date":"2025-12-09T19:25:01","date_gmt":"2025-12-09T22:25:01","guid":{"rendered":"https:\/\/diegocariello.com.br\/?page_id=508"},"modified":"2025-12-09T19:26:10","modified_gmt":"2025-12-09T22:26:10","slug":"termos-de-uso","status":"publish","type":"page","link":"https:\/\/diegocariello.com.br\/?page_id=508","title":{"rendered":"Termos de Uso"},"content":{"rendered":"\t\t<div data-elementor-type=\"wp-page\" data-elementor-id=\"508\" class=\"elementor elementor-508\">\n\t\t\t\t<div class=\"elementor-element elementor-element-3f6900e e-flex e-con-boxed e-con e-parent\" data-id=\"3f6900e\" data-element_type=\"container\">\n\t\t\t\t\t<div class=\"e-con-inner\">\n\t\t\t\t<div class=\"elementor-element elementor-element-7ef9856 elementor-widget elementor-widget-heading\" data-id=\"7ef9856\" data-element_type=\"widget\" data-widget_type=\"heading.default\">\n\t\t\t\t<div class=\"elementor-widget-container\">\n\t\t\t\t\t<h2 class=\"elementor-heading-title elementor-size-default\">Termos de Uso<\/h2>\t\t\t\t<\/div>\n\t\t\t\t<\/div>\n\t\t\t\t<div class=\"elementor-element elementor-element-2f14980 elementor-widget elementor-widget-text-editor\" data-id=\"2f14980\" data-element_type=\"widget\" data-widget_type=\"text-editor.default\">\n\t\t\t\t<div class=\"elementor-widget-container\">\n\t\t\t\t\t\t\t\t\t<p>Termos de Uso<\/p><p>Ao acessar o site https:\/\/diegocariello.com.br, voc\u00ea concorda com os termos e condi\u00e7\u00f5es abaixo.<\/p><p>1. Uso do site<br \/>O conte\u00fado do site tem car\u00e1ter informativo e pode ser alterado sem aviso pr\u00e9vio.<\/p><p>2. Propriedade intelectual<br \/>Todo o conte\u00fado deste site (textos, imagens, logotipo, identidade visual) pertence a Diego Cariello, sendo proibida a c\u00f3pia sem autoriza\u00e7\u00e3o.<\/p><p>3. Responsabilidades<br \/>N\u00e3o nos responsabilizamos por informa\u00e7\u00f5es incorretas ou indisponibilidade tempor\u00e1ria do site.<\/p><p>4. Modifica\u00e7\u00f5es<br \/>Reservamo-nos o direito de alterar estes Termos a qualquer momento.<\/p><p>5. Contato<br \/>Para d\u00favidas, utilize o canal de contato atrav\u00e9s do e-mail: diegocariello@gmail.com<\/p>\t\t\t\t\t\t\t\t<\/div>\n\t\t\t\t<\/div>\n\t\t\t\t\t<\/div>\n\t\t\t\t<\/div>\n\t\t\t\t<\/div>\n\t\t","protected":false},"excerpt":{"rendered":"<p>Termos de Uso Termos de Uso Ao acessar o site https:\/\/diegocariello.com.br, voc\u00ea concorda com os termos e condi\u00e7\u00f5es abaixo. 1. Uso do siteO conte\u00fado do site tem car\u00e1ter informativo e pode ser alterado sem aviso pr\u00e9vio. 2. Propriedade intelectualTodo o conte\u00fado deste site (textos, imagens, logotipo, identidade visual) pertence a Diego Cariello, sendo proibida a [&hellip;]<\/p>\n","protected":false},"author":3,"featured_media":0,"parent":0,"menu_order":0,"comment_status":"closed","ping_status":"closed","template":"","meta":{"footnotes":""},"class_list":["post-508","page","type-page","status-publish","hentry"],"_links":{"self":[{"href":"https:\/\/diegocariello.com.br\/index.php?rest_route=\/wp\/v2\/pages\/508","targetHints":{"allow":["GET"]}}],"collection":[{"href":"https:\/\/diegocariello.com.br\/index.php?rest_route=\/wp\/v2\/pages"}],"about":[{"href":"https:\/\/diegocariello.com.br\/index.php?rest_route=\/wp\/v2\/types\/page"}],"author":[{"embeddable":true,"href":"https:\/\/diegocariello.com.br\/index.php?rest_route=\/wp\/v2\/users\/3"}],"replies":[{"embeddable":true,"href":"https:\/\/diegocariello.com.br\/index.php?rest_route=%2Fwp%2Fv2%2Fcomments&post=508"}],"version-history":[{"count":5,"href":"https:\/\/diegocariello.com.br\/index.php?rest_route=\/wp\/v2\/pages\/508\/revisions"}],"predecessor-version":[{"id":513,"href":"https:\/\/diegocariello.com.br\/index.php?rest_route=\/wp\/v2\/pages\/508\/revisions\/513"}],"wp:attachment":[{"href":"https:\/\/diegocariello.com.br\/index.php?rest_route=%2Fwp%2Fv2%2Fmedia&parent=508"}],"curies":[{"name":"wp","href":"https:\/\/api.w.org\/{rel}","templated":true}]}}